{"id":1027,"date":"2024-07-23T15:27:46","date_gmt":"2024-07-23T15:27:46","guid":{"rendered":"https:\/\/pinturasmerono.com\/?post_type=product&#038;p=1027"},"modified":"2024-07-23T15:27:46","modified_gmt":"2024-07-23T15:27:46","slug":"fijador-global-tack","status":"publish","type":"product","link":"https:\/\/pinturasmerono.com\/en\/producto\/fijador-global-tack\/","title":{"rendered":"FIJADOR GLOBAL TACK"},"content":{"rendered":"<p>Imprimaci\u00f3n acr\u00edlica fijadora para superficies porosas de cemento, yeso y derivados. De peque\u00f1o tama\u00f1o de part\u00edcula que aumenta la penetraci\u00f3n del producto en el soporte. Favorece la adhesi\u00f3n de capas posteriores de pinturas.<br \/>\nFijador de soportes deleznables.<\/p>\n<p>Endurecedor de fondos en mal estado. Regulador de absorci\u00f3n en soportes nuevos para obtenci\u00f3n de acabados uniformes Imprimaci\u00f3n para pinturas al agua<\/p>\n","protected":false},"excerpt":{"rendered":"<p>Imprimaci\u00f3n acr\u00edlica fijadora para superficies porosas de cemento, yeso y derivados. De peque\u00f1o tama\u00f1o de part\u00edcula que aumenta la penetraci\u00f3n del producto en el soporte. Favorece<span class=\"excerpt-hellip\"> [\u2026]<\/span><\/p>\n","protected":false},"featured_media":1028,"comment_status":"open","ping_status":"closed","template":"","meta":{"_acf_changed":false},"product_brand":[],"product_cat":[183,182],"product_tag":[],"class_list":{"0":"post-1027","1":"product","2":"type-product","3":"status-publish","4":"has-post-thumbnail","6":"product_cat-fijadores","7":"product_cat-varios-2","9":"first","10":"instock","11":"taxable","12":"shipping-taxable","13":"purchasable","14":"product-type-variable"},"acf":[],"yoast_head":"<!-- This site is optimized with the Yoast SEO plugin v26.9 - https:\/\/yoast.com\/product\/yoast-seo-wordpress\/ -->\n<title>FIJADOR GLOBAL TACK - Pinturas Mero\u00f1o<\/title>\n<meta name=\"robots\" content=\"index, follow, max-snippet:-1, max-image-preview:large, max-video-preview:-1\" \/>\n<link rel=\"canonical\" href=\"https:\/\/pinturasmerono.com\/en\/producto\/fijador-global-tack\/\" \/>\n<meta property=\"og:locale\" content=\"en_US\" \/>\n<meta property=\"og:type\" content=\"article\" \/>\n<meta property=\"og:title\" content=\"FIJADOR GLOBAL TACK - Pinturas Mero\u00f1o\" \/>\n<meta property=\"og:description\" content=\"Imprimaci\u00f3n acr\u00edlica fijadora para superficies porosas de cemento, yeso y derivados. De peque\u00f1o tama\u00f1o de part\u00edcula que aumenta la penetraci\u00f3n del producto en el soporte. Favorece [\u2026]\" \/>\n<meta property=\"og:url\" content=\"https:\/\/pinturasmerono.com\/en\/producto\/fijador-global-tack\/\" \/>\n<meta property=\"og:site_name\" content=\"Pinturas Mero\u00f1o\" \/>\n<meta property=\"article:publisher\" content=\"https:\/\/www.facebook.com\/pinturasmerono\" \/>\n<meta property=\"og:image\" content=\"https:\/\/pinturasmerono.com\/wp-content\/uploads\/2024\/07\/fijador_golbal_tack.webp\" \/>\n\t<meta property=\"og:image:width\" content=\"242\" \/>\n\t<meta property=\"og:image:height\" content=\"300\" \/>\n\t<meta property=\"og:image:type\" content=\"image\/webp\" \/>\n<meta name=\"twitter:card\" content=\"summary_large_image\" \/>\n<meta name=\"twitter:label1\" content=\"Est. reading time\" \/>\n\t<meta name=\"twitter:data1\" content=\"1 minute\" \/>\n<script type=\"application\/ld+json\" class=\"yoast-schema-graph\">{\"@context\":\"https:\/\/schema.org\",\"@graph\":[{\"@type\":\"WebPage\",\"@id\":\"https:\/\/pinturasmerono.com\/en\/producto\/fijador-global-tack\/\",\"url\":\"https:\/\/pinturasmerono.com\/en\/producto\/fijador-global-tack\/\",\"name\":\"FIJADOR GLOBAL TACK - Pinturas Mero\u00f1o\",\"isPartOf\":{\"@id\":\"https:\/\/pinturasmerono.com\/en\/#website\"},\"primaryImageOfPage\":{\"@id\":\"https:\/\/pinturasmerono.com\/en\/producto\/fijador-global-tack\/#primaryimage\"},\"image\":{\"@id\":\"https:\/\/pinturasmerono.com\/en\/producto\/fijador-global-tack\/#primaryimage\"},\"thumbnailUrl\":\"https:\/\/pinturasmerono.com\/wp-content\/uploads\/2024\/07\/fijador_golbal_tack.webp\",\"datePublished\":\"2024-07-23T15:27:46+00:00\",\"breadcrumb\":{\"@id\":\"https:\/\/pinturasmerono.com\/en\/producto\/fijador-global-tack\/#breadcrumb\"},\"inLanguage\":\"en-US\",\"potentialAction\":[{\"@type\":\"ReadAction\",\"target\":[\"https:\/\/pinturasmerono.com\/en\/producto\/fijador-global-tack\/\"]}]},{\"@type\":\"ImageObject\",\"inLanguage\":\"en-US\",\"@id\":\"https:\/\/pinturasmerono.com\/en\/producto\/fijador-global-tack\/#primaryimage\",\"url\":\"https:\/\/pinturasmerono.com\/wp-content\/uploads\/2024\/07\/fijador_golbal_tack.webp\",\"contentUrl\":\"https:\/\/pinturasmerono.com\/wp-content\/uploads\/2024\/07\/fijador_golbal_tack.webp\",\"width\":242,\"height\":300},{\"@type\":\"BreadcrumbList\",\"@id\":\"https:\/\/pinturasmerono.com\/en\/producto\/fijador-global-tack\/#breadcrumb\",\"itemListElement\":[{\"@type\":\"ListItem\",\"position\":1,\"name\":\"Portada\",\"item\":\"https:\/\/pinturasmerono.com\/en\/home\/\"},{\"@type\":\"ListItem\",\"position\":2,\"name\":\"Shop\",\"item\":\"https:\/\/pinturasmerono.com\/en\/shop-2\/\"},{\"@type\":\"ListItem\",\"position\":3,\"name\":\"FIJADOR GLOBAL TACK\"}]},{\"@type\":\"WebSite\",\"@id\":\"https:\/\/pinturasmerono.com\/en\/#website\",\"url\":\"https:\/\/pinturasmerono.com\/en\/\",\"name\":\"Pinturas Mero\u00f1o\",\"description\":\"Las mejores pinturas y asesoramiento\",\"publisher\":{\"@id\":\"https:\/\/pinturasmerono.com\/en\/#organization\"},\"potentialAction\":[{\"@type\":\"SearchAction\",\"target\":{\"@type\":\"EntryPoint\",\"urlTemplate\":\"https:\/\/pinturasmerono.com\/en\/?s={search_term_string}\"},\"query-input\":{\"@type\":\"PropertyValueSpecification\",\"valueRequired\":true,\"valueName\":\"search_term_string\"}}],\"inLanguage\":\"en-US\"},{\"@type\":\"Organization\",\"@id\":\"https:\/\/pinturasmerono.com\/en\/#organization\",\"name\":\"Pinturas Mero\u00f1o\",\"url\":\"https:\/\/pinturasmerono.com\/en\/\",\"logo\":{\"@type\":\"ImageObject\",\"inLanguage\":\"en-US\",\"@id\":\"https:\/\/pinturasmerono.com\/en\/#\/schema\/logo\/image\/\",\"url\":\"https:\/\/pinturasmerono.com\/wp-content\/uploads\/2023\/11\/logo-tienda.png\",\"contentUrl\":\"https:\/\/pinturasmerono.com\/wp-content\/uploads\/2023\/11\/logo-tienda.png\",\"width\":574,\"height\":204,\"caption\":\"Pinturas Mero\u00f1o\"},\"image\":{\"@id\":\"https:\/\/pinturasmerono.com\/en\/#\/schema\/logo\/image\/\"},\"sameAs\":[\"https:\/\/www.facebook.com\/pinturasmerono\",\"https:\/\/www.instagram.com\/pinturasmerono\"]}]}<\/script>\n<!-- \/ Yoast SEO plugin. -->","yoast_head_json":{"title":"FIJADOR GLOBAL TACK - Pinturas Mero\u00f1o","robots":{"index":"index","follow":"follow","max-snippet":"max-snippet:-1","max-image-preview":"max-image-preview:large","max-video-preview":"max-video-preview:-1"},"canonical":"https:\/\/pinturasmerono.com\/en\/producto\/fijador-global-tack\/","og_locale":"en_US","og_type":"article","og_title":"FIJADOR GLOBAL TACK - Pinturas Mero\u00f1o","og_description":"Imprimaci\u00f3n acr\u00edlica fijadora para superficies porosas de cemento, yeso y derivados. De peque\u00f1o tama\u00f1o de part\u00edcula que aumenta la penetraci\u00f3n del producto en el soporte. Favorece [\u2026]","og_url":"https:\/\/pinturasmerono.com\/en\/producto\/fijador-global-tack\/","og_site_name":"Pinturas Mero\u00f1o","article_publisher":"https:\/\/www.facebook.com\/pinturasmerono","og_image":[{"width":242,"height":300,"url":"https:\/\/pinturasmerono.com\/wp-content\/uploads\/2024\/07\/fijador_golbal_tack.webp","type":"image\/webp"}],"twitter_card":"summary_large_image","twitter_misc":{"Est. reading time":"1 minute"},"schema":{"@context":"https:\/\/schema.org","@graph":[{"@type":"WebPage","@id":"https:\/\/pinturasmerono.com\/en\/producto\/fijador-global-tack\/","url":"https:\/\/pinturasmerono.com\/en\/producto\/fijador-global-tack\/","name":"FIJADOR GLOBAL TACK - Pinturas Mero\u00f1o","isPartOf":{"@id":"https:\/\/pinturasmerono.com\/en\/#website"},"primaryImageOfPage":{"@id":"https:\/\/pinturasmerono.com\/en\/producto\/fijador-global-tack\/#primaryimage"},"image":{"@id":"https:\/\/pinturasmerono.com\/en\/producto\/fijador-global-tack\/#primaryimage"},"thumbnailUrl":"https:\/\/pinturasmerono.com\/wp-content\/uploads\/2024\/07\/fijador_golbal_tack.webp","datePublished":"2024-07-23T15:27:46+00:00","breadcrumb":{"@id":"https:\/\/pinturasmerono.com\/en\/producto\/fijador-global-tack\/#breadcrumb"},"inLanguage":"en-US","potentialAction":[{"@type":"ReadAction","target":["https:\/\/pinturasmerono.com\/en\/producto\/fijador-global-tack\/"]}]},{"@type":"ImageObject","inLanguage":"en-US","@id":"https:\/\/pinturasmerono.com\/en\/producto\/fijador-global-tack\/#primaryimage","url":"https:\/\/pinturasmerono.com\/wp-content\/uploads\/2024\/07\/fijador_golbal_tack.webp","contentUrl":"https:\/\/pinturasmerono.com\/wp-content\/uploads\/2024\/07\/fijador_golbal_tack.webp","width":242,"height":300},{"@type":"BreadcrumbList","@id":"https:\/\/pinturasmerono.com\/en\/producto\/fijador-global-tack\/#breadcrumb","itemListElement":[{"@type":"ListItem","position":1,"name":"Portada","item":"https:\/\/pinturasmerono.com\/en\/home\/"},{"@type":"ListItem","position":2,"name":"Shop","item":"https:\/\/pinturasmerono.com\/en\/shop-2\/"},{"@type":"ListItem","position":3,"name":"FIJADOR GLOBAL TACK"}]},{"@type":"WebSite","@id":"https:\/\/pinturasmerono.com\/en\/#website","url":"https:\/\/pinturasmerono.com\/en\/","name":"Pinturas Mero\u00f1o","description":"Las mejores pinturas y asesoramiento","publisher":{"@id":"https:\/\/pinturasmerono.com\/en\/#organization"},"potentialAction":[{"@type":"SearchAction","target":{"@type":"EntryPoint","urlTemplate":"https:\/\/pinturasmerono.com\/en\/?s={search_term_string}"},"query-input":{"@type":"PropertyValueSpecification","valueRequired":true,"valueName":"search_term_string"}}],"inLanguage":"en-US"},{"@type":"Organization","@id":"https:\/\/pinturasmerono.com\/en\/#organization","name":"Pinturas Mero\u00f1o","url":"https:\/\/pinturasmerono.com\/en\/","logo":{"@type":"ImageObject","inLanguage":"en-US","@id":"https:\/\/pinturasmerono.com\/en\/#\/schema\/logo\/image\/","url":"https:\/\/pinturasmerono.com\/wp-content\/uploads\/2023\/11\/logo-tienda.png","contentUrl":"https:\/\/pinturasmerono.com\/wp-content\/uploads\/2023\/11\/logo-tienda.png","width":574,"height":204,"caption":"Pinturas Mero\u00f1o"},"image":{"@id":"https:\/\/pinturasmerono.com\/en\/#\/schema\/logo\/image\/"},"sameAs":["https:\/\/www.facebook.com\/pinturasmerono","https:\/\/www.instagram.com\/pinturasmerono"]}]}},"_links":{"self":[{"href":"https:\/\/pinturasmerono.com\/en\/wp-json\/wp\/v2\/product\/1027","targetHints":{"allow":["GET"]}}],"collection":[{"href":"https:\/\/pinturasmerono.com\/en\/wp-json\/wp\/v2\/product"}],"about":[{"href":"https:\/\/pinturasmerono.com\/en\/wp-json\/wp\/v2\/types\/product"}],"replies":[{"embeddable":true,"href":"https:\/\/pinturasmerono.com\/en\/wp-json\/wp\/v2\/comments?post=1027"}],"wp:featuredmedia":[{"embeddable":true,"href":"https:\/\/pinturasmerono.com\/en\/wp-json\/wp\/v2\/media\/1028"}],"wp:attachment":[{"href":"https:\/\/pinturasmerono.com\/en\/wp-json\/wp\/v2\/media?parent=1027"}],"wp:term":[{"taxonomy":"product_brand","embeddable":true,"href":"https:\/\/pinturasmerono.com\/en\/wp-json\/wp\/v2\/product_brand?post=1027"},{"taxonomy":"product_cat","embeddable":true,"href":"https:\/\/pinturasmerono.com\/en\/wp-json\/wp\/v2\/product_cat?post=1027"},{"taxonomy":"product_tag","embeddable":true,"href":"https:\/\/pinturasmerono.com\/en\/wp-json\/wp\/v2\/product_tag?post=1027"}],"curies":[{"name":"wp","href":"https:\/\/api.w.org\/{rel}","templated":true}]}}