{"id":1032,"date":"2024-07-23T15:29:57","date_gmt":"2024-07-23T15:29:57","guid":{"rendered":"https:\/\/pinturasmerono.com\/?post_type=product&#038;p=1032"},"modified":"2024-07-23T15:29:57","modified_gmt":"2024-07-23T15:29:57","slug":"montana-hardcore-brillo","status":"publish","type":"product","link":"https:\/\/pinturasmerono.com\/en\/producto\/montana-hardcore-brillo\/","title":{"rendered":"MONTANA HARDCORE BRILLO"},"content":{"rendered":"<p>El formato que revolucion\u00f3 el mundo del graffiti se mantiene en constante evoluci\u00f3n para adaptarse a las exigencias del mercado. Gracias a la experiencia de Montana Colors, el Hardcore incorpora el m\u00e1ximo desarrollo en el mundo de la pintura en aerosol, convirti\u00e9ndose en uno de los sprays de pintura brillante de mejor rendimiento del mercado.<\/p>\n","protected":false},"excerpt":{"rendered":"<p>El formato que revolucion\u00f3 el mundo del graffiti se mantiene en constante evoluci\u00f3n para adaptarse a las exigencias del mercado. Gracias a la experiencia de Montana<span class=\"excerpt-hellip\"> [\u2026]<\/span><\/p>\n","protected":false},"featured_media":1045,"comment_status":"open","ping_status":"closed","template":"","meta":{"_acf_changed":false},"product_brand":[],"product_cat":[184,182],"product_tag":[],"class_list":{"0":"post-1032","1":"product","2":"type-product","3":"status-publish","4":"has-post-thumbnail","6":"product_cat-sprays","7":"product_cat-varios-2","9":"first","10":"instock","11":"taxable","12":"shipping-taxable","13":"purchasable","14":"product-type-variable"},"acf":[],"yoast_head":"<!-- This site is optimized with the Yoast SEO plugin v26.9 - https:\/\/yoast.com\/product\/yoast-seo-wordpress\/ -->\n<title>MONTANA HARDCORE BRILLO - Pinturas Mero\u00f1o<\/title>\n<meta name=\"robots\" content=\"index, follow, max-snippet:-1, max-image-preview:large, max-video-preview:-1\" \/>\n<link rel=\"canonical\" href=\"https:\/\/pinturasmerono.com\/en\/producto\/montana-hardcore-brillo\/\" \/>\n<meta property=\"og:locale\" content=\"en_US\" \/>\n<meta property=\"og:type\" content=\"article\" \/>\n<meta property=\"og:title\" content=\"MONTANA HARDCORE BRILLO - Pinturas Mero\u00f1o\" \/>\n<meta property=\"og:description\" content=\"El formato que revolucion\u00f3 el mundo del graffiti se mantiene en constante evoluci\u00f3n para adaptarse a las exigencias del mercado. Gracias a la experiencia de Montana [\u2026]\" \/>\n<meta property=\"og:url\" content=\"https:\/\/pinturasmerono.com\/en\/producto\/montana-hardcore-brillo\/\" \/>\n<meta property=\"og:site_name\" content=\"Pinturas Mero\u00f1o\" \/>\n<meta property=\"article:publisher\" content=\"https:\/\/www.facebook.com\/pinturasmerono\" \/>\n<meta property=\"og:image\" content=\"https:\/\/pinturasmerono.com\/wp-content\/uploads\/2024\/07\/montalana_brillo.webp\" \/>\n\t<meta property=\"og:image:width\" content=\"1024\" \/>\n\t<meta property=\"og:image:height\" content=\"1024\" \/>\n\t<meta property=\"og:image:type\" content=\"image\/webp\" \/>\n<meta name=\"twitter:card\" content=\"summary_large_image\" \/>\n<meta name=\"twitter:label1\" content=\"Est. reading time\" \/>\n\t<meta name=\"twitter:data1\" content=\"1 minute\" \/>\n<script type=\"application\/ld+json\" class=\"yoast-schema-graph\">{\"@context\":\"https:\/\/schema.org\",\"@graph\":[{\"@type\":\"WebPage\",\"@id\":\"https:\/\/pinturasmerono.com\/en\/producto\/montana-hardcore-brillo\/\",\"url\":\"https:\/\/pinturasmerono.com\/en\/producto\/montana-hardcore-brillo\/\",\"name\":\"MONTANA HARDCORE BRILLO - Pinturas Mero\u00f1o\",\"isPartOf\":{\"@id\":\"https:\/\/pinturasmerono.com\/en\/#website\"},\"primaryImageOfPage\":{\"@id\":\"https:\/\/pinturasmerono.com\/en\/producto\/montana-hardcore-brillo\/#primaryimage\"},\"image\":{\"@id\":\"https:\/\/pinturasmerono.com\/en\/producto\/montana-hardcore-brillo\/#primaryimage\"},\"thumbnailUrl\":\"https:\/\/pinturasmerono.com\/wp-content\/uploads\/2024\/07\/montalana_brillo.webp\",\"datePublished\":\"2024-07-23T15:29:57+00:00\",\"breadcrumb\":{\"@id\":\"https:\/\/pinturasmerono.com\/en\/producto\/montana-hardcore-brillo\/#breadcrumb\"},\"inLanguage\":\"en-US\",\"potentialAction\":[{\"@type\":\"ReadAction\",\"target\":[\"https:\/\/pinturasmerono.com\/en\/producto\/montana-hardcore-brillo\/\"]}]},{\"@type\":\"ImageObject\",\"inLanguage\":\"en-US\",\"@id\":\"https:\/\/pinturasmerono.com\/en\/producto\/montana-hardcore-brillo\/#primaryimage\",\"url\":\"https:\/\/pinturasmerono.com\/wp-content\/uploads\/2024\/07\/montalana_brillo.webp\",\"contentUrl\":\"https:\/\/pinturasmerono.com\/wp-content\/uploads\/2024\/07\/montalana_brillo.webp\",\"width\":1024,\"height\":1024},{\"@type\":\"BreadcrumbList\",\"@id\":\"https:\/\/pinturasmerono.com\/en\/producto\/montana-hardcore-brillo\/#breadcrumb\",\"itemListElement\":[{\"@type\":\"ListItem\",\"position\":1,\"name\":\"Portada\",\"item\":\"https:\/\/pinturasmerono.com\/en\/home\/\"},{\"@type\":\"ListItem\",\"position\":2,\"name\":\"Shop\",\"item\":\"https:\/\/pinturasmerono.com\/en\/shop-2\/\"},{\"@type\":\"ListItem\",\"position\":3,\"name\":\"MONTANA HARDCORE BRILLO\"}]},{\"@type\":\"WebSite\",\"@id\":\"https:\/\/pinturasmerono.com\/en\/#website\",\"url\":\"https:\/\/pinturasmerono.com\/en\/\",\"name\":\"Pinturas Mero\u00f1o\",\"description\":\"Las mejores pinturas y asesoramiento\",\"publisher\":{\"@id\":\"https:\/\/pinturasmerono.com\/en\/#organization\"},\"potentialAction\":[{\"@type\":\"SearchAction\",\"target\":{\"@type\":\"EntryPoint\",\"urlTemplate\":\"https:\/\/pinturasmerono.com\/en\/?s={search_term_string}\"},\"query-input\":{\"@type\":\"PropertyValueSpecification\",\"valueRequired\":true,\"valueName\":\"search_term_string\"}}],\"inLanguage\":\"en-US\"},{\"@type\":\"Organization\",\"@id\":\"https:\/\/pinturasmerono.com\/en\/#organization\",\"name\":\"Pinturas Mero\u00f1o\",\"url\":\"https:\/\/pinturasmerono.com\/en\/\",\"logo\":{\"@type\":\"ImageObject\",\"inLanguage\":\"en-US\",\"@id\":\"https:\/\/pinturasmerono.com\/en\/#\/schema\/logo\/image\/\",\"url\":\"https:\/\/pinturasmerono.com\/wp-content\/uploads\/2023\/11\/logo-tienda.png\",\"contentUrl\":\"https:\/\/pinturasmerono.com\/wp-content\/uploads\/2023\/11\/logo-tienda.png\",\"width\":574,\"height\":204,\"caption\":\"Pinturas Mero\u00f1o\"},\"image\":{\"@id\":\"https:\/\/pinturasmerono.com\/en\/#\/schema\/logo\/image\/\"},\"sameAs\":[\"https:\/\/www.facebook.com\/pinturasmerono\",\"https:\/\/www.instagram.com\/pinturasmerono\"]}]}<\/script>\n<!-- \/ Yoast SEO plugin. -->","yoast_head_json":{"title":"MONTANA HARDCORE BRILLO - Pinturas Mero\u00f1o","robots":{"index":"index","follow":"follow","max-snippet":"max-snippet:-1","max-image-preview":"max-image-preview:large","max-video-preview":"max-video-preview:-1"},"canonical":"https:\/\/pinturasmerono.com\/en\/producto\/montana-hardcore-brillo\/","og_locale":"en_US","og_type":"article","og_title":"MONTANA HARDCORE BRILLO - Pinturas Mero\u00f1o","og_description":"El formato que revolucion\u00f3 el mundo del graffiti se mantiene en constante evoluci\u00f3n para adaptarse a las exigencias del mercado. Gracias a la experiencia de Montana [\u2026]","og_url":"https:\/\/pinturasmerono.com\/en\/producto\/montana-hardcore-brillo\/","og_site_name":"Pinturas Mero\u00f1o","article_publisher":"https:\/\/www.facebook.com\/pinturasmerono","og_image":[{"width":1024,"height":1024,"url":"https:\/\/pinturasmerono.com\/wp-content\/uploads\/2024\/07\/montalana_brillo.webp","type":"image\/webp"}],"twitter_card":"summary_large_image","twitter_misc":{"Est. reading time":"1 minute"},"schema":{"@context":"https:\/\/schema.org","@graph":[{"@type":"WebPage","@id":"https:\/\/pinturasmerono.com\/en\/producto\/montana-hardcore-brillo\/","url":"https:\/\/pinturasmerono.com\/en\/producto\/montana-hardcore-brillo\/","name":"MONTANA HARDCORE BRILLO - Pinturas Mero\u00f1o","isPartOf":{"@id":"https:\/\/pinturasmerono.com\/en\/#website"},"primaryImageOfPage":{"@id":"https:\/\/pinturasmerono.com\/en\/producto\/montana-hardcore-brillo\/#primaryimage"},"image":{"@id":"https:\/\/pinturasmerono.com\/en\/producto\/montana-hardcore-brillo\/#primaryimage"},"thumbnailUrl":"https:\/\/pinturasmerono.com\/wp-content\/uploads\/2024\/07\/montalana_brillo.webp","datePublished":"2024-07-23T15:29:57+00:00","breadcrumb":{"@id":"https:\/\/pinturasmerono.com\/en\/producto\/montana-hardcore-brillo\/#breadcrumb"},"inLanguage":"en-US","potentialAction":[{"@type":"ReadAction","target":["https:\/\/pinturasmerono.com\/en\/producto\/montana-hardcore-brillo\/"]}]},{"@type":"ImageObject","inLanguage":"en-US","@id":"https:\/\/pinturasmerono.com\/en\/producto\/montana-hardcore-brillo\/#primaryimage","url":"https:\/\/pinturasmerono.com\/wp-content\/uploads\/2024\/07\/montalana_brillo.webp","contentUrl":"https:\/\/pinturasmerono.com\/wp-content\/uploads\/2024\/07\/montalana_brillo.webp","width":1024,"height":1024},{"@type":"BreadcrumbList","@id":"https:\/\/pinturasmerono.com\/en\/producto\/montana-hardcore-brillo\/#breadcrumb","itemListElement":[{"@type":"ListItem","position":1,"name":"Portada","item":"https:\/\/pinturasmerono.com\/en\/home\/"},{"@type":"ListItem","position":2,"name":"Shop","item":"https:\/\/pinturasmerono.com\/en\/shop-2\/"},{"@type":"ListItem","position":3,"name":"MONTANA HARDCORE BRILLO"}]},{"@type":"WebSite","@id":"https:\/\/pinturasmerono.com\/en\/#website","url":"https:\/\/pinturasmerono.com\/en\/","name":"Pinturas Mero\u00f1o","description":"Las mejores pinturas y asesoramiento","publisher":{"@id":"https:\/\/pinturasmerono.com\/en\/#organization"},"potentialAction":[{"@type":"SearchAction","target":{"@type":"EntryPoint","urlTemplate":"https:\/\/pinturasmerono.com\/en\/?s={search_term_string}"},"query-input":{"@type":"PropertyValueSpecification","valueRequired":true,"valueName":"search_term_string"}}],"inLanguage":"en-US"},{"@type":"Organization","@id":"https:\/\/pinturasmerono.com\/en\/#organization","name":"Pinturas Mero\u00f1o","url":"https:\/\/pinturasmerono.com\/en\/","logo":{"@type":"ImageObject","inLanguage":"en-US","@id":"https:\/\/pinturasmerono.com\/en\/#\/schema\/logo\/image\/","url":"https:\/\/pinturasmerono.com\/wp-content\/uploads\/2023\/11\/logo-tienda.png","contentUrl":"https:\/\/pinturasmerono.com\/wp-content\/uploads\/2023\/11\/logo-tienda.png","width":574,"height":204,"caption":"Pinturas Mero\u00f1o"},"image":{"@id":"https:\/\/pinturasmerono.com\/en\/#\/schema\/logo\/image\/"},"sameAs":["https:\/\/www.facebook.com\/pinturasmerono","https:\/\/www.instagram.com\/pinturasmerono"]}]}},"_links":{"self":[{"href":"https:\/\/pinturasmerono.com\/en\/wp-json\/wp\/v2\/product\/1032","targetHints":{"allow":["GET"]}}],"collection":[{"href":"https:\/\/pinturasmerono.com\/en\/wp-json\/wp\/v2\/product"}],"about":[{"href":"https:\/\/pinturasmerono.com\/en\/wp-json\/wp\/v2\/types\/product"}],"replies":[{"embeddable":true,"href":"https:\/\/pinturasmerono.com\/en\/wp-json\/wp\/v2\/comments?post=1032"}],"wp:featuredmedia":[{"embeddable":true,"href":"https:\/\/pinturasmerono.com\/en\/wp-json\/wp\/v2\/media\/1045"}],"wp:attachment":[{"href":"https:\/\/pinturasmerono.com\/en\/wp-json\/wp\/v2\/media?parent=1032"}],"wp:term":[{"taxonomy":"product_brand","embeddable":true,"href":"https:\/\/pinturasmerono.com\/en\/wp-json\/wp\/v2\/product_brand?post=1032"},{"taxonomy":"product_cat","embeddable":true,"href":"https:\/\/pinturasmerono.com\/en\/wp-json\/wp\/v2\/product_cat?post=1032"},{"taxonomy":"product_tag","embeddable":true,"href":"https:\/\/pinturasmerono.com\/en\/wp-json\/wp\/v2\/product_tag?post=1032"}],"curies":[{"name":"wp","href":"https:\/\/api.w.org\/{rel}","templated":true}]}}